{"id":5132,"date":"2024-09-24T11:56:17","date_gmt":"2024-09-24T08:56:17","guid":{"rendered":"https:\/\/annelertoplandik.com\/blog\/?page_id=5132"},"modified":"2024-09-25T23:31:01","modified_gmt":"2024-09-25T20:31:01","slug":"lisansli-uygulama-son-kullanici-lisans-sozlesmesi","status":"publish","type":"page","link":"https:\/\/annelertoplandik.com\/blog\/lisansli-uygulama-son-kullanici-lisans-sozlesmesi\/","title":{"rendered":"L\u0130SANSLI UYGULAMA SON KULLANICI L\u0130SANS S\u00d6ZLE\u015eMES\u0130"},"content":{"rendered":"\n<p><strong>1. Giri\u015f<\/strong><\/p>\n\n\n\n<p>Bu kullan\u0131m \u015fartlar\u0131 ve lisans s\u00f6zle\u015fmesi (&#8220;\u015eartlar ve Ko\u015fullar&#8221;), Mobisoft Yaz\u0131l\u0131m taraf\u0131ndan geli\u015ftirilen &#8220;G\u00fcn G\u00fcn Adet Takibi&#8221; mobil uygulamas\u0131n\u0131n (&#8220;Uygulama&#8221;) kullan\u0131m\u0131na ili\u015fkin kurallar\u0131 ve d\u00fczenlemeleri ana hatlar\u0131yla belirtir. Uygulamam\u0131za eri\u015ferek ve kullanarak, bu \u015eartlar ve Ko\u015fullar\u0131n tamam\u0131n\u0131 kabul etmi\u015f olursunuz. A\u015fa\u011f\u0131da belirtilen \u015eartlar ve Ko\u015fullar\u0131n tamam\u0131n\u0131 kabul etmiyorsan\u0131z, Uygulamam\u0131z\u0131 kullanamazs\u0131n\u0131z.<\/p>\n\n\n\n<p><strong>2. \u015eartlar\u0131n Kabul\u00fc<\/strong><\/p>\n\n\n\n<p>\u00dcr\u00fcnlerimizi kullanarak bu \u015eartlar ve Ko\u015fullar\u0131 kabul etmi\u015f olursunuz. Mobisoft Yaz\u0131l\u0131m, bu \u015eartlar ve Ko\u015fullar\u0131 \u00f6nceden haber vermeden herhangi bir zamanda de\u011fi\u015ftirme hakk\u0131n\u0131 sakl\u0131 tutar. Bu \u015eartlar ve Ko\u015fullar\u0131n g\u00fcncel versiyonu resmi web sitemizde ve Uygulama i\u00e7inde mevcut olacakt\u0131r ve herhangi bir de\u011fi\u015fiklik yay\u0131nland\u0131ktan hemen sonra y\u00fcr\u00fcrl\u00fc\u011fe girecektir. Uygulamay\u0131 kullanmaya devam ederek, de\u011fi\u015ftirilen \u015eartlar ve Ko\u015fullar\u0131 kabul etmi\u015f olursunuz.<\/p>\n\n\n\n<p><strong>3. Lisans\u0131n Kapsam\u0131<\/strong><\/p>\n\n\n\n<p>Mobisoft Yaz\u0131l\u0131m, size, \u015eartlar ve Ko\u015fullar\u0131n izin verdi\u011fi \u015fekilde, sahip oldu\u011funuz veya kontrol etti\u011finiz herhangi bir Apple veya Google markal\u0131 cihazda Uygulamay\u0131 kullanman\u0131z i\u00e7in devredilemez bir lisans verir. Lisansl\u0131 Uygulaman\u0131n, herhangi bir g\u00fcncellemesinin veya herhangi bir par\u00e7as\u0131n\u0131n kopyalanmas\u0131, tersine m\u00fchendislik uygulanmas\u0131, par\u00e7alar\u0131na ayr\u0131lmas\u0131, kaynak kodunun t\u00fcretilmesi, de\u011fi\u015ftirilmesi veya t\u00fcrev \u00e7al\u0131\u015fmalar\u0131n\u0131n olu\u015fturulmas\u0131 yasakt\u0131r.<\/p>\n\n\n\n<p><strong>4. Kullan\u0131m\u0131n Yasall\u0131\u011f\u0131<\/strong><\/p>\n\n\n\n<p>Uygulamay\u0131 kullanarak \u015fu garantileri vermi\u015f olursunuz:<\/p>\n\n\n\n<ul>\n<li>G\u00f6nderdi\u011finiz t\u00fcm bilgilerin size ait oldu\u011funu veya bu \u015eartlar ve Ko\u015fullar kapsam\u0131nda bilgileri payla\u015fma haklar\u0131na sahip oldu\u011funuzu;<\/li>\n\n\n\n<li>G\u00f6nderdi\u011finiz hi\u00e7bir bilginin ba\u015fkalar\u0131n\u0131n telif hakk\u0131, ticari marka, patent veya ticari s\u0131r haklar\u0131n\u0131 ihlal etmedi\u011fini.<\/li>\n<\/ul>\n\n\n\n<p>Uygulamay\u0131 kullan\u0131m\u0131n\u0131zdan do\u011fan t\u00fcm sorumlulu\u011fu kabul eder, bu kullan\u0131m s\u0131ras\u0131nda meydana gelebilecek herhangi bir kay\u0131p, yaralanma veya zarardan Mobisoft Yaz\u0131l\u0131m\u2019\u0131 ibra edersiniz. Uygulamay\u0131 kullanarak, bu kullan\u0131m\u0131n t\u00fcm risklerini kabul etti\u011finizi ve bunlar\u0131n fark\u0131nda oldu\u011funuzu onaylars\u0131n\u0131z.<\/p>\n\n\n\n<p><strong>5. \u00dcyelik ve Abonelikler<\/strong><\/p>\n\n\n\n<p>&#8220;G\u00fcn G\u00fcn Adet Takibi Premium&#8221; \u00fcyelik abonelikleri, reklams\u0131z deneyim, \u00f6zel temalar ve yeni \u00f6zelliklere \u00fccretsiz eri\u015fim gibi ek avantajlar sunar. Ayl\u0131k, y\u0131ll\u0131k abonelik se\u00e7enekleri ve \u00f6m\u00fcr boyu kullan\u0131m i\u00e7in uygulama i\u00e7i sat\u0131n alma se\u00e7enekleri sunulmaktad\u0131r. \u00d6deme, sat\u0131n alma onay\u0131 s\u0131ras\u0131nda iTunes veya Google Play hesab\u0131n\u0131za yans\u0131t\u0131l\u0131r. \u00dccretli abonelikler, iptal edilene kadar otomatik olarak yenilenir. Abonelik fiyat\u0131 artarsa, sizi bilgilendirecek ve onay\u0131n\u0131z\u0131 isteyece\u011fiz.<\/p>\n\n\n\n<p><strong>6. Telif Haklar\u0131 ve Ticari Markalar<\/strong><\/p>\n\n\n\n<p>Uygulama ve Hizmetlerde bulunan t\u00fcm i\u00e7erik (&#8220;\u0130\u00e7erik&#8221;), Mobisoft Yaz\u0131l\u0131m\u2019\u0131n fikri m\u00fclkiyetidir ve telif hakk\u0131 yasalar\u0131yla korunmaktad\u0131r. T\u00fcm haklar\u0131m\u0131z sakl\u0131d\u0131r.<\/p>\n\n\n\n<p><strong>7. Kullan\u0131c\u0131 Y\u00fck\u00fcml\u00fcl\u00fckleri ve Haklar\u0131<\/strong><\/p>\n\n\n\n<p>G\u00fcn g\u00fcn adet takibi uygulamas\u0131 i\u00e7inde kullan\u0131c\u0131lar\u0131n soru sorup sorulmu\u015f sorulara cevap verebilmesi i\u00e7in annelertoplandik.com alt yap\u0131s\u0131 kullan\u0131lmaktad\u0131r. S\u00f6zle\u015fmenin bundan sonrali k\u0131sm\u0131nda annelertoplandik.com ismi Soru&amp;cevap Kul\u00fcb\u00fc olarak an\u0131lacakt\u0131r.<\/p>\n\n\n\n<p><strong>7.1. Genel Kurallar<\/strong><\/p>\n\n\n\n<p>a) <strong>Sorumluluk:<\/strong> \u00dcyeler, a\u00e7t\u0131klar\u0131 konulardan, i\u00e7eriklerden, yazd\u0131klar\u0131 iletilerden, \u00f6zel mesajlardan, payla\u015f\u0131mlar\u0131ndan ve t\u00fcm ticari i\u015flerinden hukuken bizzat sorumludur.<\/p>\n\n\n\n<p>b) <strong>Hesap G\u00fcvenli\u011fi:<\/strong> \u00dcyeler, \u00fcyelik \u015fifresinin ve hesab\u0131n\u0131n g\u00fcvenli\u011fini sa\u011flamakla y\u00fck\u00fcml\u00fcd\u00fcr. \u00dcye, \u00fcyelik bilgilerini \u00fc\u00e7\u00fcnc\u00fc ki\u015filerle payla\u015ft\u0131\u011f\u0131 takdirde ya da bu bilgiler iradesi d\u0131\u015f\u0131nda \u00fc\u00e7\u00fcnc\u00fc ki\u015filer taraf\u0131ndan elde edildi\u011finde \u00fcyenin sorumlulu\u011fu devam eder.<\/p>\n\n\n\n<p>c) <strong>Yer Sa\u011flay\u0131c\u0131 Sorumlulu\u011fu:<\/strong> www.annelertoplandik.com, 5651 say\u0131l\u0131 \u0130NTERNET ORTAMINDA YAPILAN YAYINLARIN D\u00dcZENLENMES\u0130 VE BU YAYINLAR YOLUYLA \u0130\u015eLENEN SU\u00c7LARLA M\u00dcCADELE ED\u0130LMES\u0130 HAKKINDA KANUN\u2019un 2. Maddesinin 1.F\u0131kras\u0131n\u0131n m) bendinde tan\u0131m\u0131 yap\u0131lan, BTK taraf\u0131ndan onayl\u0131 bir yer sa\u011flay\u0131c\u0131d\u0131r. Dolay\u0131s\u0131yla www.annelertoplandik.com, yer sa\u011flad\u0131\u011f\u0131 i\u00e7eri\u011fi kontrol etmek veya hukuka ayk\u0131r\u0131 bir faaliyetin s\u00f6z konusu olup olmad\u0131\u011f\u0131n\u0131 ara\u015ft\u0131rmakla y\u00fck\u00fcml\u00fc de\u011fildir. Fakat hukuka ayk\u0131r\u0131 bir durum tespit edild\u011finde veya bildirimde bulunuldu\u011funda en ge\u00e7 24 saat i\u00e7erisinde i\u00e7eri\u011fi kald\u0131rmakla y\u00fck\u00fcml\u00fcd\u00fcr.<\/p>\n\n\n\n<p>d) <strong>Yasal Uygunluk:<\/strong> Bu platformda T\u00fcrkiye Cumhuriyeti Anayasas\u0131, 5237 say\u0131l\u0131 T\u00fcrk Ceza Kanunu, 5651 say\u0131l\u0131 kanun ve ilgili di\u011fer kanun ve y\u00f6netmelik h\u00fck\u00fcmlerine ayk\u0131r\u0131 hi\u00e7bir ileti yaz\u0131lamaz, konu a\u00e7\u0131lamaz, ticari i\u015fler ve payla\u015f\u0131mlar yap\u0131lamaz.<\/p>\n\n\n\n<p>e) <strong>De\u011ferler ve Etik:<\/strong> Kamuoyu nezdinde kutsal say\u0131lan dini\/ahlaki de\u011ferler hakk\u0131nda gayriahlami ve hakaret niteli\u011finde yorum yapma veya tart\u0131\u015fma \u00e7\u0131karma ve misyoner faaliyetler ger\u00e7ekle\u015ftirme giri\u015fimlerinde moderat\u00f6r inisiyatifinde cezai i\u015flem uygulanabilir.<\/p>\n\n\n\n<p>f) <strong>Veri Saklama ve Koruma:<\/strong> \u00c7\u0131kabilecek bir hukuka ayk\u0131r\u0131l\u0131k veya hukuki uyu\u015fmazl\u0131\u011f\u0131n varl\u0131\u011f\u0131 durumunda, 6698 Say\u0131l\u0131 Ki\u015fisel Verilerin Korunmas\u0131 Kanunu (KVKK) ve 5651 Say\u0131l\u0131 Kanun kapsam\u0131nda; adli\/kolluk makamlar\u0131 taraf\u0131ndan talep edilmesi halinde bu makamlara sunulmak \u00fczere kay\u0131tl\u0131 t\u00fcm ki\u015fisel veriler (Log kay\u0131tlar\u0131, \u00dcye profilinde kay\u0131tl\u0131 ise \u0130sim, Soyisim, Cep telefon numaras\u0131, e-mail adresleri ve IP adresleri) 5 (be\u015f) y\u0131l s\u00fcreyle saklan\u0131r.<\/p>\n\n\n\n<p><strong>7.2. Soru&amp;cevap Kul\u00fcb\u00fc D\u00fczenine Ait Kurallar<\/strong><\/p>\n\n\n\n<p>a) <strong>\u0130\u00e7erik Gizleme:<\/strong> Platform kullan\u0131c\u0131lar\u0131 Sorular\u0131, cevaplar\u0131 veya yorumlar\u0131 ihlal amac\u0131 isaretleyebilir. \u0130\u015faretlenen mesajlar anl\u0131k olarak y\u00f6netime bildirilir ve gerekli i\u015flemler ger\u00e7ekle\u015ftirilir. Sorulara, cevap veya yorumlara 5 adet uyar\u0131 gelmesi durumunda sistem taraf\u0131ndan otomatik olarak gizlenmektedir. Gizlendikten sonra Admin onay ekran\u0131na d\u00fc\u015fer; e\u011fer kurallara ayk\u0131r\u0131 bir durum s\u00f6z konusu de\u011filse tekrar yay\u0131nlan\u0131r. <\/p>\n\n\n\n<p>b) <strong>\u0130\u00e7erik Flitreleme:<\/strong> Sorulan sorunun ba\u015fl\u0131\u011f\u0131 ve i\u00e7eri\u011fi yay\u0131nlanmadan \u00f6nce filitreden ge\u00e7irilir. Kural ihlali i\u00e7eren postlar yay\u0131nlanmaz ve y\u00f6netime otomatik bildirilir.<\/p>\n\n\n\n<p>c) <strong>Tek Hesap Politikas\u0131:<\/strong> Bir ki\u015finin sadece bir hesab\u0131 olabilir. Ayn\u0131 cihazdan birden fazla hesap a\u00e7anlar\u0131n platforma eri\u015fimi engellenir.<\/p>\n\n\n\n<p>d) <strong>Davran\u0131\u015f Kurallar\u0131:<\/strong> Hakaret i\u00e7erikli, tahrik edici, a\u015fa\u011f\u0131lay\u0131c\u0131 veya etik olmayan mesaj atanlar\u0131n hesab\u0131 k\u0131s\u0131tlan\u0131r ve platforma giri\u015fi engellenir.<\/p>\n\n\n\n<p>e) <strong>Ki\u015fisel Bilgilerin Payla\u015f\u0131m\u0131:<\/strong> Adres, telefon numaras\u0131, e-mail adresi, WhatsApp grubu linki gibi ki\u015fisel bilgilerin payla\u015f\u0131lmas\u0131 yasakt\u0131r. WhatsApp, Facebook vb. sosyal medyada grup kurup sitemizde bu gruplara davet eden, bu gruplar\u0131n reklam\u0131n\u0131 yapan \u00fcyelerin postu veya yorumu edit\u00f6rler taraf\u0131ndan silinir.<\/p>\n\n\n\n<p>f) <strong>\u00dcr\u00fcn Sat\u0131\u015f\u0131 ve Tan\u0131t\u0131m\u0131:<\/strong> Platformda \u00fcr\u00fcn sat\u0131\u015f\u0131 ya da tan\u0131t\u0131m\u0131 yapmak yasakt\u0131r. \u0130lgili postlar kald\u0131r\u0131l\u0131p kullan\u0131c\u0131 hesab\u0131na k\u0131s\u0131tlama getirilir.<\/p>\n\n\n\n<p>g) <strong>Rahats\u0131z Etme ve Hakaret:<\/strong> Di\u011fer \u00fcyeleri herhangi bir \u015fekilde rahats\u0131z etmek, kavga \u00e7\u0131karmak, hakaret etmek ve forum huzurunu bozmak yasakt\u0131r.<\/p>\n\n\n\n<p>h) <strong>Propaganda \u0130\u00e7erikleri:<\/strong> Yorum amac\u0131 ta\u015f\u0131mayan salt propaganda i\u00e7erikli parti ve siyaset yaz\u0131lar\u0131 yazmak ya da payla\u015fmak yasakt\u0131r.<\/p>\n\n\n\n<p>i) <strong>Y\u00f6netici Yetkisi:<\/strong> Forum kurallar\u0131na uymayan \u00fcyeler y\u00f6neticiler taraf\u0131ndan uyar\u0131l\u0131r, davran\u0131\u015f\u0131n tekrar\u0131nda kullan\u0131c\u0131n\u0131n forum hesab\u0131 kapat\u0131l\u0131r.<\/p>\n\n\n\n<p><strong>8. Garanti Reddi<\/strong><\/p>\n\n\n\n<p>Hizmetimiz, herhangi bir t\u00fcrde garanti veya ko\u015ful olmaks\u0131z\u0131n &#8220;OLDU\u011eU G\u0130B\u0130&#8221; sunulur. Uygulamay\u0131 kullanma riskini tamamen siz \u00fcstlenirsiniz. Uygulanabilir yasan\u0131n izin verdi\u011fi \u00f6l\u00e7\u00fcde, Mobisoft Yaz\u0131l\u0131m t\u00fcm garanti ve ko\u015fullar\u0131 reddeder.<\/p>\n\n\n\n<p><strong>9. Sorumluluk S\u0131n\u0131rlamalar\u0131<\/strong><\/p>\n\n\n\n<p>Mobisoft Yaz\u0131l\u0131m, Hizmete eri\u015fememe, \u00fc\u00e7\u00fcnc\u00fc taraflar\u0131n davran\u0131\u015flar\u0131 veya verileri ya da ki\u015fisel bilgilerin yetkisiz eri\u015fimi sonucu do\u011fabilecek herhangi bir kay\u0131p veya zarardan sorumlu tutulamaz. Yasal olarak izin verilen maksimum \u00f6l\u00e7\u00fcde, Mobisoft Yaz\u0131l\u0131m hi\u00e7bir durumda sorumluluk ta\u015f\u0131maz. <\/p>\n\n\n\n<p><strong>10. Veri Kullan\u0131m\u0131 ve Gizlilik<\/strong><\/p>\n\n\n\n<p>Mobisoft Yaz\u0131l\u0131m, Uygulama ile ilgili olarak yaz\u0131l\u0131m g\u00fcncellemeleri, \u00fcr\u00fcn deste\u011fi ve di\u011fer hizmetlerin sa\u011flanmas\u0131n\u0131 kolayla\u015ft\u0131rmak i\u00e7in periyodik olarak teknik verileri ve ilgili bilgileri toplayabilir ve kullanabilir. Bu bilgiler ki\u015fisel olarak tan\u0131mlanabilir bilgiler i\u00e7ermemektedir. Verileriniz, KVKK ve ilgili mevzuat kapsam\u0131nda korunur ve yasal gereklilikler do\u011frultusunda yetkili mercilerle payla\u015f\u0131labilir.<\/p>\n\n\n\n<p><strong>11. Harici Hizmetler<\/strong><\/p>\n\n\n\n<p>Uygulama, Mobisoft Yaz\u0131l\u0131m\u2019\u0131n ve\/veya \u00fc\u00e7\u00fcnc\u00fc taraflar\u0131n hizmetlerine ve web sitelerine eri\u015fim sa\u011flayabilir. Harici Hizmetleri kullanmay\u0131 kendi riskinizle kabul edersiniz. Mobisoft Yaz\u0131l\u0131m, herhangi bir \u00fc\u00e7\u00fcnc\u00fc taraf Harici Hizmetinin i\u00e7eri\u011finden veya do\u011frulu\u011fundan sorumlu de\u011fildir.<\/p>\n\n\n\n<p><strong>12. Fesih<\/strong><\/p>\n\n\n\n<p>Bu \u015eartlar ve Ko\u015fullar, sizin veya Mobisoft Yaz\u0131l\u0131m taraf\u0131ndan feshedilene kadar ge\u00e7erlidir. H\u00fck\u00fcmlere uymaman\u0131z durumunda haklar\u0131n\u0131z otomatik olarak sona erer.<\/p>\n\n\n\n<p><strong>13. Uygulanacak Hukuk ve Yetki<\/strong><\/p>\n\n\n\n<p>Bu \u015eartlar ve Ko\u015fullar, T\u00fcrkiye Cumhuriyeti kanunlar\u0131na tabi olup, Samsun Adliyesi yetkili mahkeme olarak kabul edilmi\u015ftir. Uluslararas\u0131 kullan\u0131c\u0131lar i\u00e7in ge\u00e7erli olan \u00f6zel h\u00fck\u00fcmler de bu kapsamda d\u00fczenlenmi\u015ftir.<\/p>\n\n\n\n<ul>\n<li><strong>Uluslararas\u0131 Kullan\u0131c\u0131lar \u0130\u00e7in:<\/strong> ABD vatanda\u015f\u0131 de\u011filseniz; ABD&#8217;de ikamet etmiyorsan\u0131z; Hizmete ABD&#8217;den eri\u015fmiyorsan\u0131z; ve Avrupa Birli\u011fi \u00fclkelerinden herhangi biri, \u0130svi\u00e7re, Norve\u00e7 veya \u0130zlanda&#8217;n\u0131n vatanda\u015f\u0131ysan\u0131z, uygulanacak hukuk ve mahkeme, ikamet etti\u011finiz yerin kanunlar\u0131 ve mahkemeleri olacakt\u0131r. Bu Anla\u015fmaya uygulanmak \u00fczere \u00f6zellikle hari\u00e7 tutulan, Birle\u015fmi\u015f Milletler Uluslararas\u0131 Mal Sat\u0131\u015f S\u00f6zle\u015fmesi olarak bilinen kanundur.<\/li>\n<\/ul>\n\n\n\n<p><strong>14. De\u011fi\u015fiklik Hakk\u0131<\/strong><\/p>\n\n\n\n<p>Mobisoft Yaz\u0131l\u0131m, bu \u015eartlar ve Ko\u015fullar\u0131 tek tarafl\u0131 olarak de\u011fi\u015ftirme, kald\u0131rma veya g\u00fcncelleme hakk\u0131na sahiptir. De\u011fi\u015fiklikler, yay\u0131mland\u0131\u011f\u0131 anda y\u00fcr\u00fcrl\u00fc\u011fe girer.<\/p>\n\n\n\n<p><strong>15. \u0130leti\u015fim<\/strong><\/p>\n\n\n\n<p>Hizmet veya \u015eartlar ile ilgili herhangi bir sorunuz varsa, l\u00fctfen <a href=\"mailto:destek@annelertoplandik.com\">destek@annelertoplandik.com<\/a> adresinden e-posta yoluyla bizimle ileti\u015fime ge\u00e7in.<\/p>\n\n\n\n<p><strong>16. Y\u00fcr\u00fcrl\u00fck<\/strong><\/p>\n\n\n\n<p>Uygulamay\u0131 kullanan her kullan\u0131c\u0131, bu \u015eartlar ve Ko\u015fullar\u0131 okudu\u011funu, anlad\u0131\u011f\u0131n\u0131, t\u00fcm maddelerini onaylad\u0131\u011f\u0131n\u0131 ve a\u00e7\u0131k\u00e7a kabul etti\u011fini beyan eder. Bu s\u00f6zle\u015fme, yay\u0131mland\u0131\u011f\u0131 tarih itibariyle y\u00fcr\u00fcrl\u00fc\u011fe girmi\u015ftir ve t\u00fcm maddeleri ge\u00e7erlidir.<\/p>\n","protected":false},"excerpt":{"rendered":"<p>1. Giri\u015f Bu kullan\u0131m \u015fartlar\u0131 ve lisans s\u00f6zle\u015fmesi (&#8220;\u015eartlar ve Ko\u015fullar&#8221;), Mobisoft Yaz\u0131l\u0131m taraf\u0131ndan geli\u015ftirilen &#8220;G\u00fcn G\u00fcn Adet Takibi&#8221; mobil uygulamas\u0131n\u0131n (&#8220;Uygulama&#8221;) kullan\u0131m\u0131na ili\u015fkin kurallar\u0131 ve d\u00fczenlemeleri ana hatlar\u0131yla belirtir. Uygulamam\u0131za eri\u015ferek ve kullanarak, bu \u015eartlar ve Ko\u015fullar\u0131n tamam\u0131n\u0131 kabul etmi\u015f olursunuz. A\u015fa\u011f\u0131da belirtilen \u015eartlar ve Ko\u015fullar\u0131n tamam\u0131n\u0131 kabul etmiyorsan\u0131z, Uygulamam\u0131z\u0131 kullanamazs\u0131n\u0131z. 2. \u015eartlar\u0131n Kabul\u00fc [&hellip;]<\/p>\n","protected":false},"author":1,"featured_media":0,"parent":0,"menu_order":0,"comment_status":"closed","ping_status":"closed","template":"","meta":{"tdm_status":"disabled","tdm_grid_status":"","footnotes":""},"yoast_head":"<!-- This site is optimized with the Yoast SEO plugin v24.5 - https:\/\/yoast.com\/wordpress\/plugins\/seo\/ -->\n<title>L\u0130SANSLI UYGULAMA SON KULLANICI L\u0130SANS S\u00d6ZLE\u015eMES\u0130 | Anneler Topland\u0131k<\/title>\n<meta name=\"robots\" content=\"index, follow, max-snippet:-1, max-image-preview:large, max-video-preview:-1\" \/>\n<link rel=\"canonical\" href=\"https:\/\/annelertoplandik.com\/blog\/lisansli-uygulama-son-kullanici-lisans-sozlesmesi\/\" \/>\n<meta property=\"og:locale\" content=\"tr_TR\" \/>\n<meta property=\"og:type\" content=\"article\" \/>\n<meta property=\"og:title\" content=\"L\u0130SANSLI UYGULAMA SON KULLANICI L\u0130SANS S\u00d6ZLE\u015eMES\u0130 | Anneler Topland\u0131k\" \/>\n<meta property=\"og:description\" content=\"1. Giri\u015f Bu kullan\u0131m \u015fartlar\u0131 ve lisans s\u00f6zle\u015fmesi (&#8220;\u015eartlar ve Ko\u015fullar&#8221;), Mobisoft Yaz\u0131l\u0131m taraf\u0131ndan geli\u015ftirilen &#8220;G\u00fcn G\u00fcn Adet Takibi&#8221; mobil uygulamas\u0131n\u0131n (&#8220;Uygulama&#8221;) kullan\u0131m\u0131na ili\u015fkin kurallar\u0131 ve d\u00fczenlemeleri ana hatlar\u0131yla belirtir. Uygulamam\u0131za eri\u015ferek ve kullanarak, bu \u015eartlar ve Ko\u015fullar\u0131n tamam\u0131n\u0131 kabul etmi\u015f olursunuz. A\u015fa\u011f\u0131da belirtilen \u015eartlar ve Ko\u015fullar\u0131n tamam\u0131n\u0131 kabul etmiyorsan\u0131z, Uygulamam\u0131z\u0131 kullanamazs\u0131n\u0131z. 2. \u015eartlar\u0131n Kabul\u00fc [&hellip;]\" \/>\n<meta property=\"og:url\" content=\"https:\/\/annelertoplandik.com\/blog\/lisansli-uygulama-son-kullanici-lisans-sozlesmesi\/\" \/>\n<meta property=\"og:site_name\" content=\"Anneler Topland\u0131k\" \/>\n<meta property=\"article:modified_time\" content=\"2024-09-25T20:31:01+00:00\" \/>\n<meta name=\"twitter:card\" content=\"summary_large_image\" \/>\n<meta name=\"twitter:label1\" content=\"Tahmini okuma s\u00fcresi\" \/>\n\t<meta name=\"twitter:data1\" content=\"9 dakika\" \/>\n<script type=\"application\/ld+json\" class=\"yoast-schema-graph\">{\"@context\":\"https:\/\/schema.org\",\"@graph\":[{\"@type\":\"WebPage\",\"@id\":\"https:\/\/annelertoplandik.com\/blog\/lisansli-uygulama-son-kullanici-lisans-sozlesmesi\/\",\"url\":\"https:\/\/annelertoplandik.com\/blog\/lisansli-uygulama-son-kullanici-lisans-sozlesmesi\/\",\"name\":\"L\u0130SANSLI UYGULAMA SON KULLANICI L\u0130SANS S\u00d6ZLE\u015eMES\u0130 | Anneler Topland\u0131k\",\"isPartOf\":{\"@id\":\"https:\/\/annelertoplandik.com\/blog\/#website\"},\"datePublished\":\"2024-09-24T08:56:17+00:00\",\"dateModified\":\"2024-09-25T20:31:01+00:00\",\"breadcrumb\":{\"@id\":\"https:\/\/annelertoplandik.com\/blog\/lisansli-uygulama-son-kullanici-lisans-sozlesmesi\/#breadcrumb\"},\"inLanguage\":\"tr\",\"potentialAction\":[{\"@type\":\"ReadAction\",\"target\":[\"https:\/\/annelertoplandik.com\/blog\/lisansli-uygulama-son-kullanici-lisans-sozlesmesi\/\"]}]},{\"@type\":\"BreadcrumbList\",\"@id\":\"https:\/\/annelertoplandik.com\/blog\/lisansli-uygulama-son-kullanici-lisans-sozlesmesi\/#breadcrumb\",\"itemListElement\":[{\"@type\":\"ListItem\",\"position\":1,\"name\":\"Ana sayfa\",\"item\":\"https:\/\/annelertoplandik.com\/blog\/\"},{\"@type\":\"ListItem\",\"position\":2,\"name\":\"L\u0130SANSLI UYGULAMA SON KULLANICI L\u0130SANS S\u00d6ZLE\u015eMES\u0130\"}]},{\"@type\":\"WebSite\",\"@id\":\"https:\/\/annelertoplandik.com\/blog\/#website\",\"url\":\"https:\/\/annelertoplandik.com\/blog\/\",\"name\":\"Anneler Topland\u0131k\",\"description\":\"Annelerin sanal payla\u015f\u0131m merkezi\",\"publisher\":{\"@id\":\"https:\/\/annelertoplandik.com\/blog\/#\/schema\/person\/1fe572fbbce7ca9b1429e03f3fc0d0a8\"},\"potentialAction\":[{\"@type\":\"SearchAction\",\"target\":{\"@type\":\"EntryPoint\",\"urlTemplate\":\"https:\/\/annelertoplandik.com\/blog\/?s={search_term_string}\"},\"query-input\":{\"@type\":\"PropertyValueSpecification\",\"valueRequired\":true,\"valueName\":\"search_term_string\"}}],\"inLanguage\":\"tr\"},{\"@type\":[\"Person\",\"Organization\"],\"@id\":\"https:\/\/annelertoplandik.com\/blog\/#\/schema\/person\/1fe572fbbce7ca9b1429e03f3fc0d0a8\",\"name\":\"Admin\",\"image\":{\"@type\":\"ImageObject\",\"inLanguage\":\"tr\",\"@id\":\"https:\/\/annelertoplandik.com\/blog\/#\/schema\/person\/image\/\",\"url\":\"https:\/\/annelertoplandik.com\/blog\/wp-content\/litespeed\/avatar\/b11040300c1fe933a5185741d40560b6.jpg?ver=1777637939\",\"contentUrl\":\"https:\/\/annelertoplandik.com\/blog\/wp-content\/litespeed\/avatar\/b11040300c1fe933a5185741d40560b6.jpg?ver=1777637939\",\"caption\":\"Admin\"},\"logo\":{\"@id\":\"https:\/\/annelertoplandik.com\/blog\/#\/schema\/person\/image\/\"}}]}<\/script>\n<!-- \/ Yoast SEO plugin. -->","yoast_head_json":{"title":"L\u0130SANSLI UYGULAMA SON KULLANICI L\u0130SANS S\u00d6ZLE\u015eMES\u0130 | Anneler Topland\u0131k","robots":{"index":"index","follow":"follow","max-snippet":"max-snippet:-1","max-image-preview":"max-image-preview:large","max-video-preview":"max-video-preview:-1"},"canonical":"https:\/\/annelertoplandik.com\/blog\/lisansli-uygulama-son-kullanici-lisans-sozlesmesi\/","og_locale":"tr_TR","og_type":"article","og_title":"L\u0130SANSLI UYGULAMA SON KULLANICI L\u0130SANS S\u00d6ZLE\u015eMES\u0130 | Anneler Topland\u0131k","og_description":"1. Giri\u015f Bu kullan\u0131m \u015fartlar\u0131 ve lisans s\u00f6zle\u015fmesi (&#8220;\u015eartlar ve Ko\u015fullar&#8221;), Mobisoft Yaz\u0131l\u0131m taraf\u0131ndan geli\u015ftirilen &#8220;G\u00fcn G\u00fcn Adet Takibi&#8221; mobil uygulamas\u0131n\u0131n (&#8220;Uygulama&#8221;) kullan\u0131m\u0131na ili\u015fkin kurallar\u0131 ve d\u00fczenlemeleri ana hatlar\u0131yla belirtir. Uygulamam\u0131za eri\u015ferek ve kullanarak, bu \u015eartlar ve Ko\u015fullar\u0131n tamam\u0131n\u0131 kabul etmi\u015f olursunuz. A\u015fa\u011f\u0131da belirtilen \u015eartlar ve Ko\u015fullar\u0131n tamam\u0131n\u0131 kabul etmiyorsan\u0131z, Uygulamam\u0131z\u0131 kullanamazs\u0131n\u0131z. 2. \u015eartlar\u0131n Kabul\u00fc [&hellip;]","og_url":"https:\/\/annelertoplandik.com\/blog\/lisansli-uygulama-son-kullanici-lisans-sozlesmesi\/","og_site_name":"Anneler Topland\u0131k","article_modified_time":"2024-09-25T20:31:01+00:00","twitter_card":"summary_large_image","twitter_misc":{"Tahmini okuma s\u00fcresi":"9 dakika"},"schema":{"@context":"https:\/\/schema.org","@graph":[{"@type":"WebPage","@id":"https:\/\/annelertoplandik.com\/blog\/lisansli-uygulama-son-kullanici-lisans-sozlesmesi\/","url":"https:\/\/annelertoplandik.com\/blog\/lisansli-uygulama-son-kullanici-lisans-sozlesmesi\/","name":"L\u0130SANSLI UYGULAMA SON KULLANICI L\u0130SANS S\u00d6ZLE\u015eMES\u0130 | Anneler Topland\u0131k","isPartOf":{"@id":"https:\/\/annelertoplandik.com\/blog\/#website"},"datePublished":"2024-09-24T08:56:17+00:00","dateModified":"2024-09-25T20:31:01+00:00","breadcrumb":{"@id":"https:\/\/annelertoplandik.com\/blog\/lisansli-uygulama-son-kullanici-lisans-sozlesmesi\/#breadcrumb"},"inLanguage":"tr","potentialAction":[{"@type":"ReadAction","target":["https:\/\/annelertoplandik.com\/blog\/lisansli-uygulama-son-kullanici-lisans-sozlesmesi\/"]}]},{"@type":"BreadcrumbList","@id":"https:\/\/annelertoplandik.com\/blog\/lisansli-uygulama-son-kullanici-lisans-sozlesmesi\/#breadcrumb","itemListElement":[{"@type":"ListItem","position":1,"name":"Ana sayfa","item":"https:\/\/annelertoplandik.com\/blog\/"},{"@type":"ListItem","position":2,"name":"L\u0130SANSLI UYGULAMA SON KULLANICI L\u0130SANS S\u00d6ZLE\u015eMES\u0130"}]},{"@type":"WebSite","@id":"https:\/\/annelertoplandik.com\/blog\/#website","url":"https:\/\/annelertoplandik.com\/blog\/","name":"Anneler Topland\u0131k","description":"Annelerin sanal payla\u015f\u0131m merkezi","publisher":{"@id":"https:\/\/annelertoplandik.com\/blog\/#\/schema\/person\/1fe572fbbce7ca9b1429e03f3fc0d0a8"},"potentialAction":[{"@type":"SearchAction","target":{"@type":"EntryPoint","urlTemplate":"https:\/\/annelertoplandik.com\/blog\/?s={search_term_string}"},"query-input":{"@type":"PropertyValueSpecification","valueRequired":true,"valueName":"search_term_string"}}],"inLanguage":"tr"},{"@type":["Person","Organization"],"@id":"https:\/\/annelertoplandik.com\/blog\/#\/schema\/person\/1fe572fbbce7ca9b1429e03f3fc0d0a8","name":"Admin","image":{"@type":"ImageObject","inLanguage":"tr","@id":"https:\/\/annelertoplandik.com\/blog\/#\/schema\/person\/image\/","url":"https:\/\/annelertoplandik.com\/blog\/wp-content\/litespeed\/avatar\/b11040300c1fe933a5185741d40560b6.jpg?ver=1777637939","contentUrl":"https:\/\/annelertoplandik.com\/blog\/wp-content\/litespeed\/avatar\/b11040300c1fe933a5185741d40560b6.jpg?ver=1777637939","caption":"Admin"},"logo":{"@id":"https:\/\/annelertoplandik.com\/blog\/#\/schema\/person\/image\/"}}]}},"amp_enabled":true,"_links":{"self":[{"href":"https:\/\/annelertoplandik.com\/blog\/wp-json\/wp\/v2\/pages\/5132"}],"collection":[{"href":"https:\/\/annelertoplandik.com\/blog\/wp-json\/wp\/v2\/pages"}],"about":[{"href":"https:\/\/annelertoplandik.com\/blog\/wp-json\/wp\/v2\/types\/page"}],"author":[{"embeddable":true,"href":"https:\/\/annelertoplandik.com\/blog\/wp-json\/wp\/v2\/users\/1"}],"replies":[{"embeddable":true,"href":"https:\/\/annelertoplandik.com\/blog\/wp-json\/wp\/v2\/comments?post=5132"}],"version-history":[{"count":3,"href":"https:\/\/annelertoplandik.com\/blog\/wp-json\/wp\/v2\/pages\/5132\/revisions"}],"predecessor-version":[{"id":5141,"href":"https:\/\/annelertoplandik.com\/blog\/wp-json\/wp\/v2\/pages\/5132\/revisions\/5141"}],"wp:attachment":[{"href":"https:\/\/annelertoplandik.com\/blog\/wp-json\/wp\/v2\/media?parent=5132"}],"curies":[{"name":"wp","href":"https:\/\/api.w.org\/{rel}","templated":true}]}}